{"id":3677,"date":"2021-07-13T14:47:52","date_gmt":"2021-07-13T12:47:52","guid":{"rendered":"https:\/\/www.pisacaneboxes.com\/responsabilita"},"modified":"2026-02-10T11:02:28","modified_gmt":"2026-02-10T10:02:28","slug":"responsabilite","status":"publish","type":"page","link":"https:\/\/www.pisacaneboxes.com\/fr\/responsabilite","title":{"rendered":"Responsabilit\u00e9"},"content":{"rendered":"<p>[vc_row][vc_column]<div class=\"wph-page-hero vc_custom_1628178106714\">\n\n\t<!-- Big gray background text -->\n\t<div class=\"background\">\n\t\t<span class=\"fittext wow zoomIn\"\n\t\t\t  data-min-size=\"70\"\n\t\t\t  data-comp-rate=\"0.87\"\n\t\t\t  data-max-size=\"200\">Responsabilit\u00e9<\/span>\n\t<\/div>\n\n\t<!-- Black small foreground text -->\n\t<div class=\"foreground\">\n\t\t<h1 class=\"fittext wow fadeIn\"\n\t\t\tdata-wow-delay=\"250ms\"\n\t\t\tdata-min-size=\"20\"\n\t\t\tdata-max-size=\"70\"\n\t\t\tdata-comp-rate=\"2.5\">sociale<\/h1>\n\t<\/div>\n\n<\/div>[\/vc_column][\/vc_row][vc_row][vc_column][vc_column_text el_class=\u00a0\u00bbsottotitoloresponsabilita\u00a0\u00bb]<\/p>\n<p style=\"text-align: center;\">\u00c9thique, responsabilit\u00e9, engagement, garantie, respect : tels sont les principes sur lesquels repose notre fa\u00e7on de faire des affaires. Dans cet espace, vous trouverez des documents et des informations pour d\u00e9couvrir en profondeur notre chemin d&rsquo;am\u00e9lioration continue.<\/p>\n<p>[\/vc_column_text][vc_empty_space height=\u00a0\u00bb64px\u00a0\u00bb][\/vc_column][\/vc_row][vc_row][vc_column width=\u00a0\u00bb1\/3&Prime;][vc_column_text el_class=\u00a0\u00bbtitoloresponsabilita\u00a0\u00bb]<\/p>\n<h3 style=\"text-align: center;\">Certification ISO 9001<\/h3>\n<p>[\/vc_column_text][vc_single_image image=\u00a0\u00bb4590&Prime; alignment=\u00a0\u00bbcenter\u00a0\u00bb onclick=\u00a0\u00bbcustom_link\u00a0\u00bb img_link_target=\u00a0\u00bb_blank\u00a0\u00bb link=\u00a0\u00bbhttps:\/\/www.pisacaneboxes.com\/wp-content\/uploads\/2025\/05\/ISO-9001.2015_Eng.pdf\u00a0\u00bb el_class=\u00a0\u00bbiconaresp\u00a0\u00bb][vc_column_text el_class=\u00a0\u00bbafresp\u00a0\u00bb]<\/p>\n<p style=\"text-align: center;\">La qualit\u00e9 est sans doute l&rsquo;aspect le plus recherch\u00e9 de notre activit\u00e9, \u00e0 partir de la m\u00e9thode de travail au niveau de service garanti au client. C&rsquo;est pour ca que nous avons d\u00e9cid\u00e9 de certifier nos proc\u00e9dures selon la norme ISO 9001.<\/p>\n<p>[\/vc_column_text][vc_empty_space]<div class=\"wph-button-container btnresponsabilita align_center\">\n\n\t<a href=\"https:\/\/www.pisacaneboxes.com\/wp-content\/uploads\/2025\/05\/ISO-9001.2015_Eng.pdf\" target=\" _blank\" class=\"btn btn-simple\">T\u00c9L\u00c9CHARGEZ<\/a>\n\n<\/div>[\/vc_column][vc_column width=\u00a0\u00bb1\/3&Prime;][vc_column_text el_class=\u00a0\u00bbtitoloresponsabilita\u00a0\u00bb]<\/p>\n<h3 style=\"text-align: center;\">Certification ISO 14001<\/h3>\n<p>[\/vc_column_text][vc_single_image image=\u00a0\u00bb4593&Prime; alignment=\u00a0\u00bbcenter\u00a0\u00bb onclick=\u00a0\u00bbcustom_link\u00a0\u00bb img_link_target=\u00a0\u00bb_blank\u00a0\u00bb link=\u00a0\u00bbhttps:\/\/www.pisacaneboxes.com\/wp-content\/uploads\/2025\/05\/ISO-14001.2015_Eng.pdf\u00a0\u00bb el_class=\u00a0\u00bbiconaresp\u00a0\u00bb][vc_column_text el_class=\u00a0\u00bbafresp\u00a0\u00bb]<\/p>\n<p style=\"text-align: center;\">L\u2019am\u00e9lioration continue de nos performances environnementales et l\u2019attention concr\u00e8te port\u00e9e \u00e0 la mise en \u0153uvre de politiques de durabilit\u00e9 environnementale ont \u00e9t\u00e9 certifi\u00e9es selon la norme ISO 14001.<\/p>\n<p>[\/vc_column_text][vc_empty_space]<div class=\"wph-button-container btnresponsabilita align_center\">\n\n\t<a href=\"https:\/\/www.pisacaneboxes.com\/wp-content\/uploads\/2025\/05\/ISO-14001.2015_Eng.pdf\" target=\" _blank\" class=\"btn btn-simple\">T\u00c9L\u00c9CHARGEZ<\/a>\n\n<\/div>[\/vc_column][vc_column width=\u00a0\u00bb1\/3&Prime;][vc_column_text el_class=\u00a0\u00bbtitoloresponsabilita\u00a0\u00bb]<\/p>\n<h3 style=\"text-align: center;\">Politique SA8000<\/h3>\n<p>[\/vc_column_text][vc_single_image image=\u00a0\u00bb3678&Prime; alignment=\u00a0\u00bbcenter\u00a0\u00bb onclick=\u00a0\u00bbcustom_link\u00a0\u00bb img_link_target=\u00a0\u00bb_blank\u00a0\u00bb link=\u00a0\u00bbhttps:\/\/www.pisacaneboxes.com\/wp-content\/uploads\/2026\/02\/POLITICA-SA8000.pdf\u00a0\u00bb el_class=\u00a0\u00bbiconaresp\u00a0\u00bb][vc_column_text el_class=\u00a0\u00bbafresp\u00a0\u00bb]<\/p>\n<p style=\"text-align: center;\">L\u2019entreprise de packaging Pisacane a d\u00e9cid\u00e9 d\u2019\u00e9quiper son organisation d\u2019un syst\u00e8me de gestion de la responsabilit\u00e9 sociale, conforme \u00e0 la norme SA8000 et \u00e0 tous ses r\u00e8glements: ca nous aide \u00e0 d\u00e9finir et mettre en \u0153uvre une politique qui prend en compte les besoins de l\u2019effectif, des clients et de toutes les parties prenantes.<\/p>\n<p>[\/vc_column_text][vc_empty_space]<div class=\"wph-button-container btnresponsabilita align_center\">\n\n\t<a href=\"https:\/\/www.pisacaneboxes.com\/wp-content\/uploads\/2026\/02\/POLITICA-SA8000.pdf\" target=\" _blank\" class=\"btn btn-simple\">T\u00c9L\u00c9CHARGEZ<\/a>\n\n<\/div>[\/vc_column][\/vc_row][vc_row][vc_column][vc_empty_space height=\u00a0\u00bb64px\u00a0\u00bb][\/vc_column][\/vc_row][vc_row][vc_column width=\u00a0\u00bb1\/3&Prime;][vc_column_text el_class=\u00a0\u00bbtitoloresponsabilita\u00a0\u00bb]<\/p>\n<h3 style=\"text-align: center;\">Politique qualit\u00e9 et environnement<\/h3>\n<p>[\/vc_column_text][vc_single_image image=\u00a0\u00bb3681&Prime; alignment=\u00a0\u00bbcenter\u00a0\u00bb onclick=\u00a0\u00bbcustom_link\u00a0\u00bb img_link_target=\u00a0\u00bb_blank\u00a0\u00bb link=\u00a0\u00bbhttps:\/\/www.pisacaneboxes.com\/wp-content\/uploads\/2022\/03\/POLITICA-ISO9001-ISO14001.pdf\u00a0\u00bb el_class=\u00a0\u00bbiconaresp\u00a0\u00bb][vc_column_text el_class=\u00a0\u00bbafresp\u00a0\u00bb]<\/p>\n<p style=\"text-align: center;\">Pisacane est pleinement consciente que l&rsquo;adoption d&rsquo;une strat\u00e9gie visant \u00e0 la bonne gestion des probl\u00e8mes relatifs \u00e0 la Qualit\u00e9 et \u00e0 l&rsquo;Environnement est essentielle pour son succ\u00e8s, pour l&rsquo;image de fiabilit\u00e9 vis-\u00e0-vis de ses Clients et de responsabilit\u00e9 sociale vis-\u00e0-vis des autres porteurs d&rsquo;int\u00e9r\u00eats.<\/p>\n<p>[\/vc_column_text][vc_empty_space]<div class=\"wph-button-container btnresponsabilita align_center\">\n\n\t<a href=\"https:\/\/www.pisacaneboxes.com\/wp-content\/uploads\/2022\/03\/POLITICA-ISO9001-ISO14001.pdf\" target=\" _blank\" class=\"btn btn-simple\">T\u00c9L\u00c9CHARGEZ<\/a>\n\n<\/div>[\/vc_column][vc_column width=\u00a0\u00bb1\/3&Prime;][vc_column_text el_class=\u00a0\u00bbtitoloresponsabilita\u00a0\u00bb]<\/p>\n<h3 style=\"text-align: center;\">Contrat national de cat\u00e9gorie que nous appliquons<\/h3>\n<p>[\/vc_column_text][vc_single_image image=\u00a0\u00bb3682&Prime; alignment=\u00a0\u00bbcenter\u00a0\u00bb onclick=\u00a0\u00bbcustom_link\u00a0\u00bb img_link_target=\u00a0\u00bb_blank\u00a0\u00bb link=\u00a0\u00bbhttps:\/\/www.pisacaneboxes.com\/wp-content\/uploads\/2022\/02\/ccnl-carta-industria2022.pdf\u00a0\u00bb el_class=\u00a0\u00bbiconaresp\u00a0\u00bb][vc_column_text el_class=\u00a0\u00bbafresp\u00a0\u00bb]<\/p>\n<p style=\"text-align: center;\">Le contrat collectif national de travail (CCNL) est la source l\u00e9gislative r\u00e9gissant la relation de travail. L&rsquo;application du contrat r\u00e9git \u00e0 la fois les aspects r\u00e9glementaires et \u00e9conomiques.<\/p>\n<p>[\/vc_column_text][vc_empty_space]<div class=\"wph-button-container btnresponsabilita align_center\">\n\n\t<a href=\"https:\/\/www.pisacaneboxes.com\/wp-content\/uploads\/2022\/02\/ccnl-carta-industria2022.pdf\" target=\" _blank\" class=\"btn btn-simple\">T\u00c9L\u00c9CHARGEZ<\/a>\n\n<\/div>[\/vc_column][vc_column width=\u00a0\u00bb1\/3&Prime;][vc_column_text el_class=\u00a0\u00bbtitoloresponsabilita2&Prime;]<\/p>\n<h3 style=\"text-align: center;\">Certification SA8000<\/h3>\n<p>[\/vc_column_text][vc_single_image image=\u00a0\u00bb4362&Prime; alignment=\u00a0\u00bbcenter\u00a0\u00bb onclick=\u00a0\u00bbcustom_link\u00a0\u00bb img_link_target=\u00a0\u00bb_blank\u00a0\u00bb link=\u00a0\u00bbhttps:\/\/www.pisacaneboxes.com\/wp-content\/uploads\/2024\/06\/certificate-signed.pdf\u00a0\u00bb el_class=\u00a0\u00bbiconaresp\u00a0\u00bb][vc_column_text el_class=\u00a0\u00bbafresp2&Prime;]<\/p>\n<p style=\"text-align: center;\">Notre engagement pour le d\u00e9veloppement soutenable et notre attention envers des th\u00e8mes sociaux, certifi\u00e9s avec les standards SA8000.<\/p>\n<p>[\/vc_column_text][vc_empty_space]<div class=\"wph-button-container btnresponsabilita align_center\">\n\n\t<a href=\"https:\/\/www.pisacaneboxes.com\/wp-content\/uploads\/2024\/06\/certificate-signed.pdf\" target=\" _blank\" class=\"btn btn-simple\">T\u00c9L\u00c9CHARGEZ<\/a>\n\n<\/div>[\/vc_column][\/vc_row][vc_row][vc_column][vc_empty_space height=\u00a0\u00bb64px\u00a0\u00bb][\/vc_column][\/vc_row][vc_row][vc_column width=\u00a0\u00bb1\/3&Prime;][\/vc_column][vc_column width=\u00a0\u00bb1\/3&Prime;][vc_column_text el_class=\u00a0\u00bbtitoloresponsabilita2&Prime;]<\/p>\n<h3 style=\"text-align: center;\">Certification et politique<\/h3>\n<p>[\/vc_column_text][vc_empty_space height=\u00a0\u00bb16px\u00a0\u00bb][vc_single_image image=\u00a0\u00bb4929&Prime; img_size=\u00a0\u00bbmedium\u00a0\u00bb alignment=\u00a0\u00bbcenter\u00a0\u00bb onclick=\u00a0\u00bbcustom_link\u00a0\u00bb img_link_target=\u00a0\u00bb_blank\u00a0\u00bb link=\u00a0\u00bbhttps:\/\/www.pisacaneboxes.com\/wp-content\/uploads\/2024\/06\/Certificato-FSC-Pisacane.pdf\u00a0\u00bb el_class=\u00a0\u00bbiconaresp\u00a0\u00bb][vc_empty_space height=\u00a0\u00bb16px\u00a0\u00bb][vc_column_text el_class=\u00a0\u00bbafresp\u00a0\u00bb]<\/p>\n<p style=\"text-align: center;\">Notre certification est disponible pour la cr\u00e9ation d&#8217;emballages provenant de sources contr\u00f4l\u00e9es et durables. Pisacane promeut son engagement pour la gestion de la cha\u00eene de contr\u00f4le \u00e0 travers une politique claire et partag\u00e9e avec tous les parties prenantes.<\/p>\n<p>[\/vc_column_text][vc_empty_space height=\u00a0\u00bb16px\u00a0\u00bb][vc_row_inner][vc_column_inner width=\u00a0\u00bb1\/3&Prime;]<div class=\"wph-button-container btnresponsabilita align_center\">\n\n\t<a href=\"https:\/\/www.pisacaneboxes.com\/wp-content\/uploads\/2024\/06\/Certificato-FSC-Pisacane.pdf\" target=\" _blank\" class=\"btn btn-simple\">T\u00c9L\u00c9CHARGEZ LA CERTIFICATION<\/a>\n\n<\/div>[\/vc_column_inner][vc_column_inner width=\u00a0\u00bb1\/3&Prime;][\/vc_column_inner][vc_column_inner width=\u00a0\u00bb1\/3&Prime;]<div class=\"wph-button-container btnresponsabilita align_center\">\n\n\t<a href=\"https:\/\/www.pisacaneboxes.com\/wp-content\/uploads\/2025\/09\/Politica-FSC-01-09-2022b.pdf\" target=\" _blank\" class=\"btn btn-simple\">T\u00c9L\u00c9CHARGEZ LA POLITIQUE<\/a>\n\n<\/div>[\/vc_column_inner][\/vc_row_inner][\/vc_column][vc_column width=\u00a0\u00bb1\/3&Prime;][\/vc_column][\/vc_row][vc_row][vc_column][vc_empty_space height=\u00a0\u00bb64px\u00a0\u00bb][\/vc_column][\/vc_row]<\/p>\n","protected":false},"excerpt":{"rendered":"<p>[vc_row][vc_column][\/vc_column][\/vc_row][vc_row][vc_column][vc_column_text el_class=\u00a0\u00bbsottotitoloresponsabilita\u00a0\u00bb] \u00c9thique, responsabilit\u00e9, engagement, garantie, respect : tels sont les principes sur lesquels repose notre fa\u00e7on de faire des affaires. Dans cet espace, vous trouverez des documents et des..<\/p>\n","protected":false},"author":1,"featured_media":0,"parent":0,"menu_order":0,"comment_status":"closed","ping_status":"closed","template":"","meta":{"footnotes":""},"class_list":["post-3677","page","type-page","status-publish","hentry"],"yoast_head":"<!-- This site is optimized with the Yoast SEO plugin v27.3 - https:\/\/yoast.com\/product\/yoast-seo-wordpress\/ -->\n<title>Responsabilit\u00e9 - Pisacane<\/title>\n<meta name=\"robots\" content=\"index, follow, max-snippet:-1, max-image-preview:large, max-video-preview:-1\" \/>\n<link rel=\"canonical\" href=\"https:\/\/www.pisacaneboxes.com\/fr\/responsabilite\" \/>\n<meta property=\"og:locale\" content=\"fr_FR\" \/>\n<meta property=\"og:type\" content=\"article\" \/>\n<meta property=\"og:title\" content=\"Responsabilit\u00e9 - Pisacane\" \/>\n<meta property=\"og:description\" content=\"[vc_row][vc_column][\/vc_column][\/vc_row][vc_row][vc_column][vc_column_text el_class=\u00a0\u00bbsottotitoloresponsabilita\u00a0\u00bb] \u00c9thique, responsabilit\u00e9, engagement, garantie, respect : tels sont les principes sur lesquels repose notre fa\u00e7on de faire des affaires. Dans cet espace, vous trouverez des documents et des..\" \/>\n<meta property=\"og:url\" content=\"https:\/\/www.pisacaneboxes.com\/fr\/responsabilite\" \/>\n<meta property=\"og:site_name\" content=\"Pisacane\" \/>\n<meta property=\"article:modified_time\" content=\"2026-02-10T10:02:28+00:00\" \/>\n<meta name=\"twitter:card\" content=\"summary_large_image\" \/>\n<meta name=\"twitter:label1\" content=\"Dur\u00e9e de lecture estim\u00e9e\" \/>\n\t<meta name=\"twitter:data1\" content=\"3 minutes\" \/>\n<script type=\"application\/ld+json\" class=\"yoast-schema-graph\">{\"@context\":\"https:\\\/\\\/schema.org\",\"@graph\":[{\"@type\":\"WebPage\",\"@id\":\"https:\\\/\\\/www.pisacaneboxes.com\\\/fr\\\/responsabilite\",\"url\":\"https:\\\/\\\/www.pisacaneboxes.com\\\/fr\\\/responsabilite\",\"name\":\"Responsabilit\u00e9 - Pisacane\",\"isPartOf\":{\"@id\":\"https:\\\/\\\/www.pisacaneboxes.com\\\/#website\"},\"datePublished\":\"2021-07-13T12:47:52+00:00\",\"dateModified\":\"2026-02-10T10:02:28+00:00\",\"breadcrumb\":{\"@id\":\"https:\\\/\\\/www.pisacaneboxes.com\\\/fr\\\/responsabilite#breadcrumb\"},\"inLanguage\":\"fr-FR\",\"potentialAction\":[{\"@type\":\"ReadAction\",\"target\":[\"https:\\\/\\\/www.pisacaneboxes.com\\\/fr\\\/responsabilite\"]}]},{\"@type\":\"BreadcrumbList\",\"@id\":\"https:\\\/\\\/www.pisacaneboxes.com\\\/fr\\\/responsabilite#breadcrumb\",\"itemListElement\":[{\"@type\":\"ListItem\",\"position\":1,\"name\":\"Home\",\"item\":\"https:\\\/\\\/www.pisacaneboxes.com\\\/fr\"},{\"@type\":\"ListItem\",\"position\":2,\"name\":\"Responsabilit\u00e9\"}]},{\"@type\":\"WebSite\",\"@id\":\"https:\\\/\\\/www.pisacaneboxes.com\\\/#website\",\"url\":\"https:\\\/\\\/www.pisacaneboxes.com\\\/\",\"name\":\"Pisacane\",\"description\":\"\",\"potentialAction\":[{\"@type\":\"SearchAction\",\"target\":{\"@type\":\"EntryPoint\",\"urlTemplate\":\"https:\\\/\\\/www.pisacaneboxes.com\\\/?s={search_term_string}\"},\"query-input\":{\"@type\":\"PropertyValueSpecification\",\"valueRequired\":true,\"valueName\":\"search_term_string\"}}],\"inLanguage\":\"fr-FR\"}]}<\/script>\n<!-- \/ Yoast SEO plugin. -->","yoast_head_json":{"title":"Responsabilit\u00e9 - Pisacane","robots":{"index":"index","follow":"follow","max-snippet":"max-snippet:-1","max-image-preview":"max-image-preview:large","max-video-preview":"max-video-preview:-1"},"canonical":"https:\/\/www.pisacaneboxes.com\/fr\/responsabilite","og_locale":"fr_FR","og_type":"article","og_title":"Responsabilit\u00e9 - Pisacane","og_description":"[vc_row][vc_column][\/vc_column][\/vc_row][vc_row][vc_column][vc_column_text el_class=\u00a0\u00bbsottotitoloresponsabilita\u00a0\u00bb] \u00c9thique, responsabilit\u00e9, engagement, garantie, respect : tels sont les principes sur lesquels repose notre fa\u00e7on de faire des affaires. Dans cet espace, vous trouverez des documents et des..","og_url":"https:\/\/www.pisacaneboxes.com\/fr\/responsabilite","og_site_name":"Pisacane","article_modified_time":"2026-02-10T10:02:28+00:00","twitter_card":"summary_large_image","twitter_misc":{"Dur\u00e9e de lecture estim\u00e9e":"3 minutes"},"schema":{"@context":"https:\/\/schema.org","@graph":[{"@type":"WebPage","@id":"https:\/\/www.pisacaneboxes.com\/fr\/responsabilite","url":"https:\/\/www.pisacaneboxes.com\/fr\/responsabilite","name":"Responsabilit\u00e9 - Pisacane","isPartOf":{"@id":"https:\/\/www.pisacaneboxes.com\/#website"},"datePublished":"2021-07-13T12:47:52+00:00","dateModified":"2026-02-10T10:02:28+00:00","breadcrumb":{"@id":"https:\/\/www.pisacaneboxes.com\/fr\/responsabilite#breadcrumb"},"inLanguage":"fr-FR","potentialAction":[{"@type":"ReadAction","target":["https:\/\/www.pisacaneboxes.com\/fr\/responsabilite"]}]},{"@type":"BreadcrumbList","@id":"https:\/\/www.pisacaneboxes.com\/fr\/responsabilite#breadcrumb","itemListElement":[{"@type":"ListItem","position":1,"name":"Home","item":"https:\/\/www.pisacaneboxes.com\/fr"},{"@type":"ListItem","position":2,"name":"Responsabilit\u00e9"}]},{"@type":"WebSite","@id":"https:\/\/www.pisacaneboxes.com\/#website","url":"https:\/\/www.pisacaneboxes.com\/","name":"Pisacane","description":"","potentialAction":[{"@type":"SearchAction","target":{"@type":"EntryPoint","urlTemplate":"https:\/\/www.pisacaneboxes.com\/?s={search_term_string}"},"query-input":{"@type":"PropertyValueSpecification","valueRequired":true,"valueName":"search_term_string"}}],"inLanguage":"fr-FR"}]}},"_links":{"self":[{"href":"https:\/\/www.pisacaneboxes.com\/fr\/wp-json\/wp\/v2\/pages\/3677","targetHints":{"allow":["GET"]}}],"collection":[{"href":"https:\/\/www.pisacaneboxes.com\/fr\/wp-json\/wp\/v2\/pages"}],"about":[{"href":"https:\/\/www.pisacaneboxes.com\/fr\/wp-json\/wp\/v2\/types\/page"}],"author":[{"embeddable":true,"href":"https:\/\/www.pisacaneboxes.com\/fr\/wp-json\/wp\/v2\/users\/1"}],"replies":[{"embeddable":true,"href":"https:\/\/www.pisacaneboxes.com\/fr\/wp-json\/wp\/v2\/comments?post=3677"}],"version-history":[{"count":25,"href":"https:\/\/www.pisacaneboxes.com\/fr\/wp-json\/wp\/v2\/pages\/3677\/revisions"}],"predecessor-version":[{"id":5465,"href":"https:\/\/www.pisacaneboxes.com\/fr\/wp-json\/wp\/v2\/pages\/3677\/revisions\/5465"}],"wp:attachment":[{"href":"https:\/\/www.pisacaneboxes.com\/fr\/wp-json\/wp\/v2\/media?parent=3677"}],"curies":[{"name":"wp","href":"https:\/\/api.w.org\/{rel}","templated":true}]}}