{"id":3663,"date":"2016-08-10T11:07:39","date_gmt":"2016-08-10T09:07:39","guid":{"rendered":"https:\/\/www.pisacaneboxes.com\/azienda"},"modified":"2025-06-27T12:14:01","modified_gmt":"2025-06-27T10:14:01","slug":"entreprise","status":"publish","type":"page","link":"https:\/\/www.pisacaneboxes.com\/fr\/entreprise","title":{"rendered":"Entreprise"},"content":{"rendered":"<p>[vc_row][vc_column]<div class=\"wph-page-hero vc_custom_1628174656452\">\n\n\t<!-- Big gray background text -->\n\t<div class=\"background\">\n\t\t<span class=\"fittext wow zoomIn\"\n\t\t\t  data-min-size=\"70\"\n\t\t\t  data-comp-rate=\"0.87\"\n\t\t\t  data-max-size=\"200\">Entreprise<\/span>\n\t<\/div>\n\n\t<!-- Black small foreground text -->\n\t<div class=\"foreground\">\n\t\t<h1 class=\"fittext wow fadeIn\"\n\t\t\tdata-wow-delay=\"250ms\"\n\t\t\tdata-min-size=\"20\"\n\t\t\tdata-max-size=\"70\"\n\t\t\tdata-comp-rate=\"2.5\">depuis 1955<\/h1>\n\t<\/div>\n\n<\/div>[\/vc_column][\/vc_row][vc_row][vc_column][vc_column_text]<\/p>\n<div class=\"page\" title=\"Page 2\">\n<div class=\"section\">\n<div class=\"layoutArea\">\n<div class=\"column\">\n<p>L&rsquo;entreprise de packaging Pisacane op\u00e8re dans le secteur de l&#8217;emballage de luxe \u00ab Fabriqu\u00e9 en Italie \u00bb depuis 1955. Fond\u00e9 par Nazzareno Pisacane et apr\u00e8s g\u00e9r\u00e9 par son fils Silvano, aujourd&rsquo;hui l&rsquo;entreprise compte sur la troisi\u00e8me g\u00e9n\u00e9ration, les fr\u00e8res Simone et Samuele. Le si\u00e8ge social, situ\u00e9 dans la zone de Macerata, abrite \u00e9galement, les lignes m\u00e9canis\u00e9es et le centre de stockage. L&rsquo;\u00e9tablissement adjacent h\u00e9berge deux lignes manuelles d\u00e9di\u00e9es aux r\u00e9f\u00e9rences particuli\u00e8rement complexes, aux finitions non automatis\u00e9es et aux \u00e9ditions limit\u00e9es.<\/p>\n<p>L&rsquo;entreprise vise depuis toujours \u00e0 offrir des bo\u00eetes de luxe de la plus haute qualit\u00e9, parfaites dans les moindres d\u00e9tails ainsi qu&rsquo;au service. Au fil des ann\u00e9es, Pisacane est devenu synonyme de professionnalisme, de savoir-faire et d&rsquo;attention aux besoins en constante \u00e9volution du march\u00e9 de r\u00e9f\u00e9rence. L\u2019entreprise Pisacane est soucieuse de l&rsquo;environnement : le syst\u00e8me photovolta\u00efque install\u00e9 en 2014 est en mesure d\u2019assurer plus de 60 % des besoins quotidiens en \u00e9lectricit\u00e9.<\/p>\n<p>L&rsquo;entreprise est certifi\u00e9e FSC \u00ae (FSC &#8211; C118199)<\/p>\n<\/div>\n<\/div>\n<\/div>\n<\/div>\n<p>[\/vc_column_text][\/vc_column][\/vc_row][vc_row css=\u00a0\u00bb.vc_custom_1472035084675{margin-top: 50px !important;margin-bottom: 150px !important;}\u00a0\u00bb][vc_column width=\u00a0\u00bb1\/2&Prime;][vc_single_image image=\u00a0\u00bb1045&Prime; img_size=\u00a0\u00bbfull\u00a0\u00bb][\/vc_column][vc_column width=\u00a0\u00bb1\/2&Prime;][vc_single_image image=\u00a0\u00bb1043&Prime; img_size=\u00a0\u00bbfull\u00a0\u00bb][\/vc_column][vc_column css=\u00a0\u00bb.vc_custom_1474302229193{margin-top: 50px !important;margin-bottom: 50px !important;}\u00a0\u00bb][vc_column_text]<\/p>\n<div class=\"page\" title=\"Page 2\">\n<div class=\"section\">\n<div class=\"layoutArea\">\n<div class=\"column\">\n<p>Dans l\u2019entreprise de packaging Pisacane, le client trouve un terrain fertile pour donner libre cours \u00e0 de nouvelles id\u00e9es : un projet pr\u00e9cis d&#8217;emballage de luxe jette les bases du succ\u00e8s de la phase de production ult\u00e9rieure. La plupart des processus sont g\u00e9r\u00e9s en interne dans des services d\u00e9di\u00e9s. Nos consultants sont capables de d\u00e9velopper, construire et \u00e9valuer rapidement toute solution de packaging. En synergie avec la division prototypes, \u00e9quip\u00e9e de traceurs de d\u00e9coupe et de machines \u00e0 commande num\u00e9rique, l&rsquo;\u00e9quipe de transformation du papier de Pisacane est forte d&rsquo;une exp\u00e9rience de plusieurs d\u00e9cennies dans ce secteur. Avec une capacit\u00e9 de production de 25 000 cartons par jour, Pisacane traite quotidiennement les livraisons colis\u00e9es en groupage et colisage avec ses propres v\u00e9hicules et en collaboration avec des transporteurs. L&rsquo;entrep\u00f4t de 10 000 m\u00e8tres carr\u00e9s garantit un stockage pratique du produit fini.<\/p>\n<\/div>\n<\/div>\n<\/div>\n<\/div>\n<p>[\/vc_column_text][\/vc_column][vc_column css=\u00a0\u00bb.vc_custom_1474273612909{background-image: url(http:\/\/www.pisacaneboxes.com\/wp-content\/uploads\/2016\/02\/MG_9121.jpg?id=1047) !important;background-position: center !important;background-repeat: no-repeat !important;background-size: cover !important;}\u00a0\u00bb][vc_empty_space height=\u00a0\u00bb300px\u00a0\u00bb][\/vc_column][\/vc_row][vc_row full_width=\u00a0\u00bbstretch_row\u00a0\u00bb css=\u00a0\u00bb.vc_custom_1472045052398{padding-top: 80px !important;background-color: #f5f5f5 !important;}\u00a0\u00bb][vc_column][vc_custom_heading text=\u00a0\u00bb\u00cates-vous int\u00e9ress\u00e9(e) ?\u00a0\u00bb font_container=\u00a0\u00bbtag:h2|font_size:40px|text_align:center|color:%23000000&Prime; use_theme_fonts=\u00a0\u00bbyes\u00a0\u00bb css=\u00a0\u00bb.vc_custom_1628174808173{margin-bottom: 0px !important;padding-bottom: 30px !important;}\u00a0\u00bb][vc_custom_heading text=\u00a0\u00bbContactez-nous ou partez \u00e0 la d\u00e9couverte de nos solutions de packaging r\u00e9alis\u00e9es\u00a0\u00bb font_container=\u00a0\u00bbtag:div|font_size:26|text_align:center|color:%23000000&Prime; use_theme_fonts=\u00a0\u00bbyes\u00a0\u00bb css=\u00a0\u00bb.vc_custom_1628174824124{padding-top: 0px !important;padding-bottom: 50px !important;}\u00a0\u00bb el_class=\u00a0\u00bbsubtitle-service-contact\u00a0\u00bb][\/vc_column][\/vc_row][vc_row full_width=\u00a0\u00bbstretch_row\u00a0\u00bb css=\u00a0\u00bb.vc_custom_1472047472414{padding-bottom: 50px !important;background-color: #f5f5f5 !important;}\u00a0\u00bb][vc_column width=\u00a0\u00bb1\/6&Prime;][\/vc_column][vc_column width=\u00a0\u00bb1\/6&Prime;][\/vc_column][vc_column width=\u00a0\u00bb1\/6&Prime; el_id=\u00a0\u00bbbtncontattaci\u00a0\u00bb]<div class=\"wph-button-container  vc_custom_1628174903052 align_center\">\n\n\t<a href=\"http:\/\/www.pisacaneboxes.com\/contatti\" target=\"\" class=\"btn btn-simple\">CONTACTEZ-NOUS<\/a>\n\n<\/div>[\/vc_column][vc_column width=\u00a0\u00bb1\/6&Prime; el_id=\u00a0\u00bbbtnportfolio\u00a0\u00bb]<div class=\"wph-button-container  vc_custom_1628174880306 align_center\">\n\n\t<a href=\"http:\/\/www.pisacaneboxes.com\/prodotti\" target=\"\" class=\"btn btn-simple\">VOIR LE PORTEFEUILLE<\/a>\n\n<\/div>[\/vc_column][vc_column width=\u00a0\u00bb1\/6&Prime;][\/vc_column][vc_column width=\u00a0\u00bb1\/6&Prime;][\/vc_column][\/vc_row][vc_row][vc_column][vc_raw_js]JTNDc2NyaXB0JTNFJTBBZG9jdW1lbnQuZ2V0RWxlbWVudEJ5SWQlMjglMjJidG5jb250YXR0YWNpJTIyJTI5Lm9uY2xpY2slMjAlM0QlMjBmdW5jdGlvbiUyOCUyOSUyMCU3QiUwQXdpbmRvdy5kYXRhTGF5ZXIlMjAlM0QlMjB3aW5kb3cuZGF0YUxheWVyJTIwJTdDJTdDJTIwJTVCJTVEJTNCJTBBd2luZG93LmRhdGFMYXllci5wdXNoJTI4JTdCJTBBJTIwJTIwJTI3ZXZlbnQlMjclM0ElMjAlMjdjbGlja19jdGFfY29udGFjdF91cyUyNyUyQyUwQSUyMCU3RCUyOSUzQiUwQSU3RCUzQiUwQSUwQSUwQWRvY3VtZW50LmdldEVsZW1lbnRCeUlkJTI4JTIyYnRucG9ydGZvbGlvJTIyJTI5Lm9uY2xpY2slMjAlM0QlMjBmdW5jdGlvbiUyOCUyOSUyMCU3QiUwQXdpbmRvdy5kYXRhTGF5ZXIlMjAlM0QlMjB3aW5kb3cuZGF0YUxheWVyJTIwJTdDJTdDJTIwJTVCJTVEJTNCJTBBd2luZG93LmRhdGFMYXllci5wdXNoJTI4JTdCJTBBJTIwJTIwJTI3ZXZlbnQlMjclM0ElMjAlMjdjbGlja19jdGFfcG9ydGZvbGlvJTI3JTJDJTBBJTIwJTdEJTI5JTNCJTBBJTdEJTNCJTBBJTBBJTNDJTJGc2NyaXB0JTNF[\/vc_raw_js][\/vc_column][\/vc_row]<\/p>\n","protected":false},"excerpt":{"rendered":"<p>[vc_row][vc_column][\/vc_column][\/vc_row][vc_row][vc_column][vc_column_text] L&rsquo;entreprise de packaging Pisacane op\u00e8re dans le secteur de l&#8217;emballage de luxe \u00ab Fabriqu\u00e9 en Italie \u00bb depuis 1955. Fond\u00e9 par Nazzareno Pisacane et apr\u00e8s g\u00e9r\u00e9 par son fils..<\/p>\n","protected":false},"author":1,"featured_media":0,"parent":0,"menu_order":0,"comment_status":"closed","ping_status":"open","template":"","meta":{"footnotes":""},"class_list":["post-3663","page","type-page","status-publish","hentry"],"yoast_head":"<!-- This site is optimized with the Yoast SEO plugin v27.5 - https:\/\/yoast.com\/product\/yoast-seo-wordpress\/ -->\n<title>Production de Bo\u00eetes et Emballages Luxe : Bo\u00eetes Pisacane<\/title>\n<meta name=\"description\" content=\"Pisacaneboxes est une fabrique de bo\u00eetes sp\u00e9cialis\u00e9e dans l&#039;emballage made in Italy depuis 1955. Elle produit et con\u00e7oit des bo\u00eetes de luxe pour de grandes marques. Tu es int\u00e9ress\u00e9? Contactez nous.\" \/>\n<meta name=\"robots\" content=\"index, follow, max-snippet:-1, max-image-preview:large, max-video-preview:-1\" \/>\n<link rel=\"canonical\" href=\"https:\/\/www.pisacaneboxes.com\/fr\/entreprise\" \/>\n<meta property=\"og:locale\" content=\"fr_FR\" \/>\n<meta property=\"og:type\" content=\"article\" \/>\n<meta property=\"og:title\" content=\"Production de Bo\u00eetes et Emballages Luxe : Bo\u00eetes Pisacane\" \/>\n<meta property=\"og:description\" content=\"Pisacaneboxes est une fabrique de bo\u00eetes sp\u00e9cialis\u00e9e dans l&#039;emballage made in Italy depuis 1955. Elle produit et con\u00e7oit des bo\u00eetes de luxe pour de grandes marques. Tu es int\u00e9ress\u00e9? Contactez nous.\" \/>\n<meta property=\"og:url\" content=\"https:\/\/www.pisacaneboxes.com\/fr\/entreprise\" \/>\n<meta property=\"og:site_name\" content=\"Pisacane\" \/>\n<meta property=\"article:modified_time\" content=\"2025-06-27T10:14:01+00:00\" \/>\n<meta name=\"twitter:card\" content=\"summary_large_image\" \/>\n<meta name=\"twitter:label1\" content=\"Dur\u00e9e de lecture estim\u00e9e\" \/>\n\t<meta name=\"twitter:data1\" content=\"3 minutes\" \/>\n<script type=\"application\/ld+json\" class=\"yoast-schema-graph\">{\"@context\":\"https:\\\/\\\/schema.org\",\"@graph\":[{\"@type\":\"WebPage\",\"@id\":\"https:\\\/\\\/www.pisacaneboxes.com\\\/fr\\\/entreprise\",\"url\":\"https:\\\/\\\/www.pisacaneboxes.com\\\/fr\\\/entreprise\",\"name\":\"Production de Bo\u00eetes et Emballages Luxe : Bo\u00eetes Pisacane\",\"isPartOf\":{\"@id\":\"https:\\\/\\\/www.pisacaneboxes.com\\\/#website\"},\"datePublished\":\"2016-08-10T09:07:39+00:00\",\"dateModified\":\"2025-06-27T10:14:01+00:00\",\"description\":\"Pisacaneboxes est une fabrique de bo\u00eetes sp\u00e9cialis\u00e9e dans l'emballage made in Italy depuis 1955. Elle produit et con\u00e7oit des bo\u00eetes de luxe pour de grandes marques. Tu es int\u00e9ress\u00e9? Contactez nous.\",\"breadcrumb\":{\"@id\":\"https:\\\/\\\/www.pisacaneboxes.com\\\/fr\\\/entreprise#breadcrumb\"},\"inLanguage\":\"fr-FR\",\"potentialAction\":[{\"@type\":\"ReadAction\",\"target\":[\"https:\\\/\\\/www.pisacaneboxes.com\\\/fr\\\/entreprise\"]}]},{\"@type\":\"BreadcrumbList\",\"@id\":\"https:\\\/\\\/www.pisacaneboxes.com\\\/fr\\\/entreprise#breadcrumb\",\"itemListElement\":[{\"@type\":\"ListItem\",\"position\":1,\"name\":\"Home\",\"item\":\"https:\\\/\\\/www.pisacaneboxes.com\\\/fr\"},{\"@type\":\"ListItem\",\"position\":2,\"name\":\"Entreprise\"}]},{\"@type\":\"WebSite\",\"@id\":\"https:\\\/\\\/www.pisacaneboxes.com\\\/#website\",\"url\":\"https:\\\/\\\/www.pisacaneboxes.com\\\/\",\"name\":\"Pisacane\",\"description\":\"\",\"potentialAction\":[{\"@type\":\"SearchAction\",\"target\":{\"@type\":\"EntryPoint\",\"urlTemplate\":\"https:\\\/\\\/www.pisacaneboxes.com\\\/?s={search_term_string}\"},\"query-input\":{\"@type\":\"PropertyValueSpecification\",\"valueRequired\":true,\"valueName\":\"search_term_string\"}}],\"inLanguage\":\"fr-FR\"}]}<\/script>\n<!-- \/ Yoast SEO plugin. -->","yoast_head_json":{"title":"Production de Bo\u00eetes et Emballages Luxe : Bo\u00eetes Pisacane","description":"Pisacaneboxes est une fabrique de bo\u00eetes sp\u00e9cialis\u00e9e dans l'emballage made in Italy depuis 1955. Elle produit et con\u00e7oit des bo\u00eetes de luxe pour de grandes marques. Tu es int\u00e9ress\u00e9? Contactez nous.","robots":{"index":"index","follow":"follow","max-snippet":"max-snippet:-1","max-image-preview":"max-image-preview:large","max-video-preview":"max-video-preview:-1"},"canonical":"https:\/\/www.pisacaneboxes.com\/fr\/entreprise","og_locale":"fr_FR","og_type":"article","og_title":"Production de Bo\u00eetes et Emballages Luxe : Bo\u00eetes Pisacane","og_description":"Pisacaneboxes est une fabrique de bo\u00eetes sp\u00e9cialis\u00e9e dans l'emballage made in Italy depuis 1955. Elle produit et con\u00e7oit des bo\u00eetes de luxe pour de grandes marques. Tu es int\u00e9ress\u00e9? Contactez nous.","og_url":"https:\/\/www.pisacaneboxes.com\/fr\/entreprise","og_site_name":"Pisacane","article_modified_time":"2025-06-27T10:14:01+00:00","twitter_card":"summary_large_image","twitter_misc":{"Dur\u00e9e de lecture estim\u00e9e":"3 minutes"},"schema":{"@context":"https:\/\/schema.org","@graph":[{"@type":"WebPage","@id":"https:\/\/www.pisacaneboxes.com\/fr\/entreprise","url":"https:\/\/www.pisacaneboxes.com\/fr\/entreprise","name":"Production de Bo\u00eetes et Emballages Luxe : Bo\u00eetes Pisacane","isPartOf":{"@id":"https:\/\/www.pisacaneboxes.com\/#website"},"datePublished":"2016-08-10T09:07:39+00:00","dateModified":"2025-06-27T10:14:01+00:00","description":"Pisacaneboxes est une fabrique de bo\u00eetes sp\u00e9cialis\u00e9e dans l'emballage made in Italy depuis 1955. Elle produit et con\u00e7oit des bo\u00eetes de luxe pour de grandes marques. Tu es int\u00e9ress\u00e9? Contactez nous.","breadcrumb":{"@id":"https:\/\/www.pisacaneboxes.com\/fr\/entreprise#breadcrumb"},"inLanguage":"fr-FR","potentialAction":[{"@type":"ReadAction","target":["https:\/\/www.pisacaneboxes.com\/fr\/entreprise"]}]},{"@type":"BreadcrumbList","@id":"https:\/\/www.pisacaneboxes.com\/fr\/entreprise#breadcrumb","itemListElement":[{"@type":"ListItem","position":1,"name":"Home","item":"https:\/\/www.pisacaneboxes.com\/fr"},{"@type":"ListItem","position":2,"name":"Entreprise"}]},{"@type":"WebSite","@id":"https:\/\/www.pisacaneboxes.com\/#website","url":"https:\/\/www.pisacaneboxes.com\/","name":"Pisacane","description":"","potentialAction":[{"@type":"SearchAction","target":{"@type":"EntryPoint","urlTemplate":"https:\/\/www.pisacaneboxes.com\/?s={search_term_string}"},"query-input":{"@type":"PropertyValueSpecification","valueRequired":true,"valueName":"search_term_string"}}],"inLanguage":"fr-FR"}]}},"_links":{"self":[{"href":"https:\/\/www.pisacaneboxes.com\/fr\/wp-json\/wp\/v2\/pages\/3663","targetHints":{"allow":["GET"]}}],"collection":[{"href":"https:\/\/www.pisacaneboxes.com\/fr\/wp-json\/wp\/v2\/pages"}],"about":[{"href":"https:\/\/www.pisacaneboxes.com\/fr\/wp-json\/wp\/v2\/types\/page"}],"author":[{"embeddable":true,"href":"https:\/\/www.pisacaneboxes.com\/fr\/wp-json\/wp\/v2\/users\/1"}],"replies":[{"embeddable":true,"href":"https:\/\/www.pisacaneboxes.com\/fr\/wp-json\/wp\/v2\/comments?post=3663"}],"version-history":[{"count":7,"href":"https:\/\/www.pisacaneboxes.com\/fr\/wp-json\/wp\/v2\/pages\/3663\/revisions"}],"predecessor-version":[{"id":5195,"href":"https:\/\/www.pisacaneboxes.com\/fr\/wp-json\/wp\/v2\/pages\/3663\/revisions\/5195"}],"wp:attachment":[{"href":"https:\/\/www.pisacaneboxes.com\/fr\/wp-json\/wp\/v2\/media?parent=3663"}],"curies":[{"name":"wp","href":"https:\/\/api.w.org\/{rel}","templated":true}]}}