{"id":3653,"date":"2021-08-05T16:24:30","date_gmt":"2021-08-05T14:24:30","guid":{"rendered":"https:\/\/www.pisacaneboxes.com\/front-page"},"modified":"2025-05-21T12:10:43","modified_gmt":"2025-05-21T10:10:43","slug":"front-page","status":"publish","type":"page","link":"https:\/\/www.pisacaneboxes.com\/fr","title":{"rendered":"Front Page"},"content":{"rendered":"<p>[vc_row css=\u00a0\u00bb.vc_custom_1459067691377{margin-top: -92px !important;}\u00a0\u00bb][vc_column][rev_slider_vc alias=\u00a0\u00bbfront-page-ita\u00a0\u00bb][\/vc_column][\/vc_row][vc_row full_width=\u00a0\u00bbstretch_row\u00a0\u00bb css=\u00a0\u00bb.vc_custom_1482402960413{padding-top: 80px !important;background-color: #ffffff !important;}\u00a0\u00bb el_id=\u00a0\u00bbfirst-section\u00a0\u00bb][vc_column][vc_custom_heading text=\u00a0\u00bbNotre entreprise\u00a0\u00bb font_container=\u00a0\u00bbtag:h1|font_size:36px|text_align:center|color:%23212535|line_height:50px\u00a0\u00bb use_theme_fonts=\u00a0\u00bbyes\u00a0\u00bb css=\u00a0\u00bb.vc_custom_1474272522041{margin-bottom: 30px !important;}\u00a0\u00bb][vc_separator color=\u00a0\u00bbblack\u00a0\u00bb border_width=\u00a0\u00bb2&Prime; el_width=\u00a0\u00bb10&Prime; css=\u00a0\u00bb.vc_custom_1456683340416{margin-bottom: 30px !important;}\u00a0\u00bb][vc_custom_heading text=\u00a0\u00bb\u00a0\u00bb font_container=\u00a0\u00bbtag:h2|font_size:16px|text_align:center|color:%23000000|line_height:23px\u00a0\u00bb use_theme_fonts=\u00a0\u00bbyes\u00a0\u00bb el_class=\u00a0\u00bbtext-tradition\u00a0\u00bb css=\u00a0\u00bb.vc_custom_1475679308902{margin-top: 80px !important;margin-right: 30px !important;margin-bottom: 80px !important;margin-left: 30px !important;}\u00a0\u00bb][\/vc_column][\/vc_row][vc_row full_width=\u00a0\u00bbstretch_row_content_no_spaces\u00a0\u00bb css=\u00a0\u00bb.vc_custom_1471873574109{padding-bottom: 50px !important;background-color: #ffffff !important;}\u00a0\u00bb][vc_column]<div class=\"wph-offscreen-slider \">\n\t<div>\n\t<img decoding=\"async\" src=\"https:\/\/www.pisacaneboxes.com\/wp-content\/uploads\/2016\/02\/MG_9090-650x433.jpg\" alt=\"dettaglio-produzione-Pisacane-boxes\"\/>\n<\/div><div>\n\t<img decoding=\"async\" src=\"https:\/\/www.pisacaneboxes.com\/wp-content\/uploads\/2016\/02\/MG_9121-650x433.jpg\" alt=\"dettagli-processo-produzione-Pisacane-boxes\"\/>\n<\/div><div>\n\t<img decoding=\"async\" src=\"https:\/\/www.pisacaneboxes.com\/wp-content\/uploads\/2016\/02\/H0A8494-650x433.jpg\" alt=\"dettaglio-produzione-Pisacane-boxes\"\/>\n<\/div>\n<\/div>[\/vc_column][\/vc_row][vc_row full_width=\u00a0\u00bbstretch_row\u00a0\u00bb css=\u00a0\u00bb.vc_custom_1471873603315{padding-bottom: 80px !important;background-color: #ffffff !important;}\u00a0\u00bb][vc_column]<div class=\"wph-button-container  align_center\">\n\n\t<a href=\"https:\/\/www.pisacaneboxes.com\/fr\/entreprise\" target=\"\" class=\"btn btn-primary btn-lg\">Lisez<\/a>\n\n<\/div>[\/vc_column][\/vc_row][vc_row full_width=\u00a0\u00bbstretch_row\u00a0\u00bb css=\u00a0\u00bb.vc_custom_1471873603315{padding-bottom: 80px !important;background-color: #ffffff !important;}\u00a0\u00bb][vc_column width=\u00a0\u00bb1\/6&Prime;][\/vc_column][vc_column width=\u00a0\u00bb2\/3&Prime;][vc_single_image image=\u00a0\u00bb4561&Prime; img_size=\u00a0\u00bbfull\u00a0\u00bb alignment=\u00a0\u00bbcenter\u00a0\u00bb onclick=\u00a0\u00bbcustom_link\u00a0\u00bb link=\u00a0\u00bbhttps:\/\/www.pisacaneboxes.com\/fr\/enregistrement-de-utilisateur\u00a0\u00bb el_class=\u00a0\u00bbbannerareariservata\u00a0\u00bb][\/vc_column][vc_column width=\u00a0\u00bb1\/6&Prime;][\/vc_column][\/vc_row][vc_row full_width=\u00a0\u00bbstretch_row\u00a0\u00bb css=\u00a0\u00bb.vc_custom_1457035661410{padding-top: 80px !important;padding-bottom: 80px !important;background-color: #ffffff !important;}\u00a0\u00bb][vc_column][vc_custom_heading text=\u00a0\u00bbGamme de produits\u00a0\u00bb font_container=\u00a0\u00bbtag:h1|font_size:36px|text_align:center|color:%23212535|line_height:50px\u00a0\u00bb use_theme_fonts=\u00a0\u00bbyes\u00a0\u00bb css=\u00a0\u00bb.vc_custom_1471874254809{margin-bottom: 30px !important;}\u00a0\u00bb][vc_separator color=\u00a0\u00bbblack\u00a0\u00bb border_width=\u00a0\u00bb2&Prime; el_width=\u00a0\u00bb10&Prime; css=\u00a0\u00bb.vc_custom_1456781324129{margin-bottom: 50px !important;}\u00a0\u00bb][vc_row_inner][vc_column_inner width=\u00a0\u00bb1\/2&Prime; css=\u00a0\u00bb.vc_custom_1675957387162{margin-bottom: 30px !important;}\u00a0\u00bb el_id=\u00a0\u00bbimgportfolio1&Prime;]<article class=\"wph-portfolio-thumb mp-container  style-1 post-2407 barch-portfolio type-barch-portfolio status-publish has-post-thumbnail hentry\">\n\n\t<div class=\"ratio-setter\" style=\"margin-top: 60%\"><\/div>\n\t<div class=\"img-bg mp-target\" style=\"background-image: url(https:\/\/www.pisacaneboxes.com\/wp-content\/uploads\/2018\/11\/pisacane_stilllife19033-650x433.jpg)\"><\/div>\n\n\t<div class=\"overlay vh-center-js\">\n\t\t<span class=\"tags\"><\/span>\n\t\t<h1>Miu Miu coffret - a<\/h1>\n\t\t\n\t<\/div>\n\n\t<a href=\"https:\/\/www.pisacaneboxes.com\/en\/work\/miu-miu-coffret\" class=\"link-overlay\">Lire l&#039;article<\/a>\n\n<\/article>[\/vc_column_inner][vc_column_inner width=\u00a0\u00bb1\/2&Prime; css=\u00a0\u00bb.vc_custom_1675957461162{margin-bottom: 30px !important;}\u00a0\u00bb el_id=\u00a0\u00bbimgportfolio2&Prime;]<article class=\"wph-portfolio-thumb mp-container  style-1 post-682 barch-portfolio type-barch-portfolio status-publish has-post-thumbnail hentry\">\n\n\t<div class=\"ratio-setter\" style=\"margin-top: 60%\"><\/div>\n\t<div class=\"img-bg mp-target\" style=\"background-image: url(https:\/\/www.pisacaneboxes.com\/wp-content\/uploads\/2016\/09\/pisacane_stilllife19014-650x433.jpg)\"><\/div>\n\n\t<div class=\"overlay vh-center-js\">\n\t\t<span class=\"tags\"><\/span>\n\t\t<h1>Valentino &#8211; Project NN - a<\/h1>\n\t\t\n\t<\/div>\n\n\t<a href=\"https:\/\/www.pisacaneboxes.com\/work\/valentino-native-black\" class=\"link-overlay\">Lire l&#039;article<\/a>\n\n<\/article>[\/vc_column_inner][\/vc_row_inner]<article class=\"wph-portfolio-thumb mp-container imgportfolio3 ratio-wide style-1 post-713 barch-portfolio type-barch-portfolio status-publish has-post-thumbnail hentry\">\n\n\t<div class=\"ratio-setter\" style=\"margin-top: 35%\"><\/div>\n\t<div class=\"img-bg mp-target\" style=\"background-image: url(https:\/\/www.pisacaneboxes.com\/wp-content\/uploads\/2016\/09\/pisacane_stilllife19094-975x650.jpg)\"><\/div>\n\n\t<div class=\"overlay vh-center-js\">\n\t\t<span class=\"tags\"><\/span>\n\t\t<h1>Giorgio Armani - a<\/h1>\n\t\t\n\t<\/div>\n\n\t<a href=\"https:\/\/www.pisacaneboxes.com\/work\/giorgio-armani\" class=\"link-overlay\">Lire l&#039;article<\/a>\n\n<\/article>[vc_row_inner css=\u00a0\u00bb.vc_custom_1457036300057{margin-top: 30px !important;}\u00a0\u00bb][vc_column_inner css=\u00a0\u00bb.vc_custom_1675957426065{margin-bottom: 30px !important;}\u00a0\u00bb offset=\u00a0\u00bbvc_col-md-4&Prime; el_id=\u00a0\u00bbimgportfolio4&Prime;]<article class=\"wph-portfolio-thumb mp-container  style-1 post-750 barch-portfolio type-barch-portfolio status-publish has-post-thumbnail hentry\">\n\n\t<div class=\"ratio-setter\" style=\"margin-top: 100%\"><\/div>\n\t<div class=\"img-bg mp-target\" style=\"background-image: url(https:\/\/www.pisacaneboxes.com\/wp-content\/uploads\/2016\/09\/pisacane_stilllife19091-650x433.jpg)\"><\/div>\n\n\t<div class=\"overlay vh-center-js\">\n\t\t<span class=\"tags\"><\/span>\n\t\t<h1>Officine Creative - a<\/h1>\n\t\t\n\t<\/div>\n\n\t<a href=\"https:\/\/www.pisacaneboxes.com\/work\/officine-creative\" class=\"link-overlay\">Lire l&#039;article<\/a>\n\n<\/article>[\/vc_column_inner][vc_column_inner css=\u00a0\u00bb.vc_custom_1675957432705{margin-bottom: 30px !important;}\u00a0\u00bb offset=\u00a0\u00bbvc_col-md-4&Prime; el_id=\u00a0\u00bbimgportfolio5&Prime;]<article class=\"wph-portfolio-thumb mp-container  style-1 post-790 barch-portfolio type-barch-portfolio status-publish has-post-thumbnail hentry\">\n\n\t<div class=\"ratio-setter\" style=\"margin-top: 100%\"><\/div>\n\t<div class=\"img-bg mp-target\" style=\"background-image: url(https:\/\/www.pisacaneboxes.com\/wp-content\/uploads\/2016\/09\/pisacane_stilllife19440-650x433.jpg)\"><\/div>\n\n\t<div class=\"overlay vh-center-js\">\n\t\t<span class=\"tags\"><\/span>\n\t\t<h1>Velenosi - a<\/h1>\n\t\t\n\t<\/div>\n\n\t<a href=\"https:\/\/www.pisacaneboxes.com\/work\/velenosi\" class=\"link-overlay\">Lire l&#039;article<\/a>\n\n<\/article>[\/vc_column_inner][vc_column_inner css=\u00a0\u00bb.vc_custom_1675957439865{margin-bottom: 30px !important;}\u00a0\u00bb offset=\u00a0\u00bbvc_col-md-4&Prime; el_id=\u00a0\u00bbimgportfolio6&Prime;]<article class=\"wph-portfolio-thumb mp-container  style-1 post-804 barch-portfolio type-barch-portfolio status-publish has-post-thumbnail hentry\">\n\n\t<div class=\"ratio-setter\" style=\"margin-top: 100%\"><\/div>\n\t<div class=\"img-bg mp-target\" style=\"background-image: url(https:\/\/www.pisacaneboxes.com\/wp-content\/uploads\/2016\/09\/pisacane_stilllife19028-650x433.jpg)\"><\/div>\n\n\t<div class=\"overlay vh-center-js\">\n\t\t<span class=\"tags\"><\/span>\n\t\t<h1>Santoni Project LTD - a<\/h1>\n\t\t\n\t<\/div>\n\n\t<a href=\"https:\/\/www.pisacaneboxes.com\/work\/santoni-project-ltd\" class=\"link-overlay\">Lire l&#039;article<\/a>\n\n<\/article>[\/vc_column_inner][\/vc_row_inner][\/vc_column][\/vc_row][vc_row full_width=\u00a0\u00bbstretch_row\u00a0\u00bb disable_element=\u00a0\u00bbyes\u00a0\u00bb css=\u00a0\u00bb.vc_custom_1474012348060{padding-top: 80px !important;padding-bottom: 50px !important;background-color: #f7f7f7 !important;}\u00a0\u00bb][vc_column css=\u00a0\u00bb.vc_custom_1456845750672{margin-bottom: 30px !important;}\u00a0\u00bb][vc_custom_heading text=\u00a0\u00bbInstagram Feed\u00a0\u00bb font_container=\u00a0\u00bbtag:h1|font_size:36px|text_align:center|color:%23212535|line_height:50px\u00a0\u00bb use_theme_fonts=\u00a0\u00bbyes\u00a0\u00bb css=\u00a0\u00bb.vc_custom_1471938534771{margin-bottom: 30px !important;}\u00a0\u00bb][vc_separator color=\u00a0\u00bbblack\u00a0\u00bb border_width=\u00a0\u00bb2&Prime; el_width=\u00a0\u00bb10&Prime; css=\u00a0\u00bb.vc_custom_1471938559577{margin-bottom: 45px !important;}\u00a0\u00bb]<div class=\"wow sequenced fx-fadeIn\">Instagram has returned invalid data.<\/div>[\/vc_column][\/vc_row][vc_row][vc_column][vc_raw_js]JTNDc2NyaXB0JTNFJTBBZG9jdW1lbnQuZ2V0RWxlbWVudEJ5SWQlMjglMjJpbWdwb3J0Zm9saW8xJTIyJTI5Lm9uY2xpY2slMjAlM0QlMjBmdW5jdGlvbiUyOCUyOSUyMCU3QiUwQXdpbmRvdy5kYXRhTGF5ZXIlMjAlM0QlMjB3aW5kb3cuZGF0YUxheWVyJTIwJTdDJTdDJTIwJTVCJTVEJTNCJTBBd2luZG93LmRhdGFMYXllci5wdXNoJTI4JTdCJTBBJTIwJTIwJTI3ZXZlbnQlMjclM0ElMjAlMjdzZWxlY3RfaXRlbSUyNyUyQyUyMCUwQSUyMCUyMCUyN2l0ZW1fbmFtZSUyNyUzQSUyMCUyN01pdSUyME1pdSUyMENvZmZyZXQlMjclMkMlMEElMjAlN0QlMjklM0IlMEElN0QlMEElMEFkb2N1bWVudC5nZXRFbGVtZW50QnlJZCUyOCUyMmltZ3BvcnRmb2xpbzIlMjIlMjkub25jbGljayUyMCUzRCUyMGZ1bmN0aW9uJTI4JTI5JTIwJTdCJTBBd2luZG93LmRhdGFMYXllciUyMCUzRCUyMHdpbmRvdy5kYXRhTGF5ZXIlMjAlN0MlN0MlMjAlNUIlNUQlM0IlMEF3aW5kb3cuZGF0YUxheWVyLnB1c2glMjglN0IlMEElMjAlMjAlMjdldmVudCUyNyUzQSUyMCUyN3NlbGVjdF9pdGVtJTI3JTJDJTIwJTBBJTIwJTIwJTI3aXRlbV9uYW1lJTI3JTNBJTIwJTI3VmFsZW50aW5vJTIwLSUyMFByb2tlY3QlMjBOTiUyNyUyQyUwQSUyMCU3RCUyOSUzQiUwQSU3RCUwQSUyMCUyMCUyMCUyMCUyMCUyMCUyMCUyMCUyMCUwQWRvY3VtZW50LmdldEVsZW1lbnRzQnlDbGFzc05hbWUlMjglMjJpbWdwb3J0Zm9saW8zJTIyJTI5Lm9uY2xpY2slMjAlM0QlMjBmdW5jdGlvbiUyOCUyOSUyMCU3QiUwQXdpbmRvdy5kYXRhTGF5ZXIlMjAlM0QlMjB3aW5kb3cuZGF0YUxheWVyJTIwJTdDJTdDJTIwJTVCJTVEJTNCJTBBd2luZG93LmRhdGFMYXllci5wdXNoJTI4JTdCJTBBJTIwJTIwJTI3ZXZlbnQlMjclM0ElMjAlMjdzZWxlY3RfaXRlbSUyNyUyQyUyMCUwQSUyMCUyMCUyN2l0ZW1fbmFtZSUyNyUzQSUyMCUyN0dpb3JnaW8lMjBBcm1hbmklMjclMkMlMEElMjAlN0QlMjklM0IlMEElN0QlMEElMEFkb2N1bWVudC5nZXRFbGVtZW50QnlJZCUyOCUyMmltZ3BvcnRmb2xpbzQlMjIlMjkub25jbGljayUyMCUzRCUyMGZ1bmN0aW9uJTI4JTI5JTIwJTdCJTBBd2luZG93LmRhdGFMYXllciUyMCUzRCUyMHdpbmRvdy5kYXRhTGF5ZXIlMjAlN0MlN0MlMjAlNUIlNUQlM0IlMEF3aW5kb3cuZGF0YUxheWVyLnB1c2glMjglN0IlMEElMjAlMjAlMjdldmVudCUyNyUzQSUyMCUyN3NlbGVjdF9pdGVtJTI3JTJDJTIwJTBBJTIwJTIwJTI3aXRlbV9uYW1lJTI3JTNBJTIwJTI3T2ZmaWNpbmUlMjBDcmVhdGl2ZSUyNyUyQyUwQSUyMCU3RCUyOSUzQiUwQSU3RCUwQSUwQWRvY3VtZW50LmdldEVsZW1lbnRCeUlkJTI4JTIyaW1ncG9ydGZvbGlvNSUyMiUyOS5vbmNsaWNrJTIwJTNEJTIwZnVuY3Rpb24lMjglMjklMjAlN0IlMEF3aW5kb3cuZGF0YUxheWVyJTIwJTNEJTIwd2luZG93LmRhdGFMYXllciUyMCU3QyU3QyUyMCU1QiU1RCUzQiUwQXdpbmRvdy5kYXRhTGF5ZXIucHVzaCUyOCU3QiUwQSUyMCUyMCUyN2V2ZW50JTI3JTNBJTIwJTI3c2VsZWN0X2l0ZW0lMjclMkMlMjAlMEElMjAlMjAlMjdpdGVtX25hbWUlMjclM0ElMjAlMjdPZmZpY2luZSUyMENyZWF0aXZlJTI3JTJDJTBBJTIwJTdEJTI5JTNCJTBBJTdEJTBBJTBBZG9jdW1lbnQuZ2V0RWxlbWVudEJ5SWQlMjglMjJpbWdwb3J0Zm9saW82JTIyJTI5Lm9uY2xpY2slMjAlM0QlMjBmdW5jdGlvbiUyOCUyOSUyMCU3QiUwQXdpbmRvdy5kYXRhTGF5ZXIlMjAlM0QlMjB3aW5kb3cuZGF0YUxheWVyJTIwJTdDJTdDJTIwJTVCJTVEJTNCJTBBd2luZG93LmRhdGFMYXllci5wdXNoJTI4JTdCJTBBJTIwJTIwJTI3ZXZlbnQlMjclM0ElMjAlMjdzZWxlY3RfaXRlbSUyNyUyQyUyMCUwQSUyMCUyMCUyN2l0ZW1fbmFtZSUyNyUzQSUyMCUyN09mZmljaW5lJTIwQ3JlYXRpdmUlMjclMkMlMEElMjAlN0QlMjklM0IlMEElN0QlMEElMEElMEFkb2N1bWVudC5nZXRFbGVtZW50QnlJZCUyOCUyMmJhbm5lcnZpcnR1YWxzaG93cm9vbSUyMiUyOS5vbmNsaWNrJTIwJTNEJTIwZnVuY3Rpb24lMjglMjklMjAlN0IlMEF3aW5kb3cuZGF0YUxheWVyJTIwJTNEJTIwd2luZG93LmRhdGFMYXllciUyMCU3QyU3QyUyMCU1QiU1RCUzQiUwQXdpbmRvdy5kYXRhTGF5ZXIucHVzaCUyOCU3QiUwQSUyMCUyMCUyN2V2ZW50JTI3JTNBJTIwJTI3Y2xpY2stYmFubmVyJTI3JTJDJTIwJTBBJTIwJTIwJTI3aXRlbV9uYW1lJTI3JTNBJTIwJTI3VmlydHVhbCUyMFNob3dyb29tJTI3JTJDJTBBJTIwJTdEJTI5JTNCJTBBJTdEJTBBJTBBJTNDJTJGc2NyaXB0JTNF[\/vc_raw_js][\/vc_column][\/vc_row]<\/p>\n","protected":false},"excerpt":{"rendered":"<p>La Pisacane op\u00e8re dans le secteur de l&#8217;emballage de luxe depuis 1955. Fond\u00e9e par Nazzareno Pisacane, l&rsquo;entreprise est aujourd&rsquo;hui entre les mains de la deuxi\u00e8me g\u00e9n\u00e9ration.<\/p>\n","protected":false},"author":1,"featured_media":0,"parent":0,"menu_order":0,"comment_status":"closed","ping_status":"closed","template":"","meta":{"footnotes":""},"class_list":["post-3653","page","type-page","status-publish","hentry"],"yoast_head":"<!-- This site is optimized with the Yoast SEO plugin v27.5 - https:\/\/yoast.com\/product\/yoast-seo-wordpress\/ -->\n<title>Emballages &amp; Bo\u00eetes de Luxe depuis 1955 : Bo\u00eetes Pisacane<\/title>\n<meta name=\"description\" content=\"L&#039;usine de bo\u00eetes Pisacane est experte dans la conception et la production d&#039;emballages et de bo\u00eetes de luxe. L&#039;entreprise de transformation du papier produit des coffrets de luxe pour diff\u00e9rents secteurs : chaussures, habillement, p\u00e2tisserie. Contactez nous s&#039;il vous plait.\" \/>\n<meta name=\"robots\" content=\"index, follow, max-snippet:-1, max-image-preview:large, max-video-preview:-1\" \/>\n<link rel=\"canonical\" href=\"https:\/\/www.pisacaneboxes.com\/fr\" \/>\n<meta property=\"og:locale\" content=\"fr_FR\" \/>\n<meta property=\"og:type\" content=\"article\" \/>\n<meta property=\"og:title\" content=\"Emballages &amp; Bo\u00eetes de Luxe depuis 1955 : Bo\u00eetes Pisacane\" \/>\n<meta property=\"og:description\" content=\"L&#039;usine de bo\u00eetes Pisacane est experte dans la conception et la production d&#039;emballages et de bo\u00eetes de luxe. L&#039;entreprise de transformation du papier produit des coffrets de luxe pour diff\u00e9rents secteurs : chaussures, habillement, p\u00e2tisserie. Contactez nous s&#039;il vous plait.\" \/>\n<meta property=\"og:url\" content=\"https:\/\/www.pisacaneboxes.com\/fr\" \/>\n<meta property=\"og:site_name\" content=\"Pisacane\" \/>\n<meta property=\"article:modified_time\" content=\"2025-05-21T10:10:43+00:00\" \/>\n<meta name=\"twitter:card\" content=\"summary_large_image\" \/>\n<meta name=\"twitter:label1\" content=\"Dur\u00e9e de lecture estim\u00e9e\" \/>\n\t<meta name=\"twitter:data1\" content=\"1 minute\" \/>\n<script type=\"application\/ld+json\" class=\"yoast-schema-graph\">{\"@context\":\"https:\\\/\\\/schema.org\",\"@graph\":[{\"@type\":\"WebPage\",\"@id\":\"https:\\\/\\\/www.pisacaneboxes.com\\\/fr\",\"url\":\"https:\\\/\\\/www.pisacaneboxes.com\\\/fr\",\"name\":\"Emballages & Bo\u00eetes de Luxe depuis 1955 : Bo\u00eetes Pisacane\",\"isPartOf\":{\"@id\":\"https:\\\/\\\/www.pisacaneboxes.com\\\/#website\"},\"datePublished\":\"2021-08-05T14:24:30+00:00\",\"dateModified\":\"2025-05-21T10:10:43+00:00\",\"description\":\"L'usine de bo\u00eetes Pisacane est experte dans la conception et la production d'emballages et de bo\u00eetes de luxe. L'entreprise de transformation du papier produit des coffrets de luxe pour diff\u00e9rents secteurs : chaussures, habillement, p\u00e2tisserie. Contactez nous s'il vous plait.\",\"breadcrumb\":{\"@id\":\"https:\\\/\\\/www.pisacaneboxes.com\\\/fr#breadcrumb\"},\"inLanguage\":\"fr-FR\",\"potentialAction\":[{\"@type\":\"ReadAction\",\"target\":[\"https:\\\/\\\/www.pisacaneboxes.com\\\/fr\"]}]},{\"@type\":\"BreadcrumbList\",\"@id\":\"https:\\\/\\\/www.pisacaneboxes.com\\\/fr#breadcrumb\",\"itemListElement\":[{\"@type\":\"ListItem\",\"position\":1,\"name\":\"Home\",\"item\":\"https:\\\/\\\/www.pisacaneboxes.com\\\/fr\"},{\"@type\":\"ListItem\",\"position\":2,\"name\":\"Front Page\"}]},{\"@type\":\"WebSite\",\"@id\":\"https:\\\/\\\/www.pisacaneboxes.com\\\/#website\",\"url\":\"https:\\\/\\\/www.pisacaneboxes.com\\\/\",\"name\":\"Pisacane\",\"description\":\"\",\"potentialAction\":[{\"@type\":\"SearchAction\",\"target\":{\"@type\":\"EntryPoint\",\"urlTemplate\":\"https:\\\/\\\/www.pisacaneboxes.com\\\/?s={search_term_string}\"},\"query-input\":{\"@type\":\"PropertyValueSpecification\",\"valueRequired\":true,\"valueName\":\"search_term_string\"}}],\"inLanguage\":\"fr-FR\"}]}<\/script>\n<!-- \/ Yoast SEO plugin. -->","yoast_head_json":{"title":"Emballages & Bo\u00eetes de Luxe depuis 1955 : Bo\u00eetes Pisacane","description":"L'usine de bo\u00eetes Pisacane est experte dans la conception et la production d'emballages et de bo\u00eetes de luxe. L'entreprise de transformation du papier produit des coffrets de luxe pour diff\u00e9rents secteurs : chaussures, habillement, p\u00e2tisserie. Contactez nous s'il vous plait.","robots":{"index":"index","follow":"follow","max-snippet":"max-snippet:-1","max-image-preview":"max-image-preview:large","max-video-preview":"max-video-preview:-1"},"canonical":"https:\/\/www.pisacaneboxes.com\/fr","og_locale":"fr_FR","og_type":"article","og_title":"Emballages & Bo\u00eetes de Luxe depuis 1955 : Bo\u00eetes Pisacane","og_description":"L'usine de bo\u00eetes Pisacane est experte dans la conception et la production d'emballages et de bo\u00eetes de luxe. L'entreprise de transformation du papier produit des coffrets de luxe pour diff\u00e9rents secteurs : chaussures, habillement, p\u00e2tisserie. Contactez nous s'il vous plait.","og_url":"https:\/\/www.pisacaneboxes.com\/fr","og_site_name":"Pisacane","article_modified_time":"2025-05-21T10:10:43+00:00","twitter_card":"summary_large_image","twitter_misc":{"Dur\u00e9e de lecture estim\u00e9e":"1 minute"},"schema":{"@context":"https:\/\/schema.org","@graph":[{"@type":"WebPage","@id":"https:\/\/www.pisacaneboxes.com\/fr","url":"https:\/\/www.pisacaneboxes.com\/fr","name":"Emballages & Bo\u00eetes de Luxe depuis 1955 : Bo\u00eetes Pisacane","isPartOf":{"@id":"https:\/\/www.pisacaneboxes.com\/#website"},"datePublished":"2021-08-05T14:24:30+00:00","dateModified":"2025-05-21T10:10:43+00:00","description":"L'usine de bo\u00eetes Pisacane est experte dans la conception et la production d'emballages et de bo\u00eetes de luxe. L'entreprise de transformation du papier produit des coffrets de luxe pour diff\u00e9rents secteurs : chaussures, habillement, p\u00e2tisserie. Contactez nous s'il vous plait.","breadcrumb":{"@id":"https:\/\/www.pisacaneboxes.com\/fr#breadcrumb"},"inLanguage":"fr-FR","potentialAction":[{"@type":"ReadAction","target":["https:\/\/www.pisacaneboxes.com\/fr"]}]},{"@type":"BreadcrumbList","@id":"https:\/\/www.pisacaneboxes.com\/fr#breadcrumb","itemListElement":[{"@type":"ListItem","position":1,"name":"Home","item":"https:\/\/www.pisacaneboxes.com\/fr"},{"@type":"ListItem","position":2,"name":"Front Page"}]},{"@type":"WebSite","@id":"https:\/\/www.pisacaneboxes.com\/#website","url":"https:\/\/www.pisacaneboxes.com\/","name":"Pisacane","description":"","potentialAction":[{"@type":"SearchAction","target":{"@type":"EntryPoint","urlTemplate":"https:\/\/www.pisacaneboxes.com\/?s={search_term_string}"},"query-input":{"@type":"PropertyValueSpecification","valueRequired":true,"valueName":"search_term_string"}}],"inLanguage":"fr-FR"}]}},"_links":{"self":[{"href":"https:\/\/www.pisacaneboxes.com\/fr\/wp-json\/wp\/v2\/pages\/3653","targetHints":{"allow":["GET"]}}],"collection":[{"href":"https:\/\/www.pisacaneboxes.com\/fr\/wp-json\/wp\/v2\/pages"}],"about":[{"href":"https:\/\/www.pisacaneboxes.com\/fr\/wp-json\/wp\/v2\/types\/page"}],"author":[{"embeddable":true,"href":"https:\/\/www.pisacaneboxes.com\/fr\/wp-json\/wp\/v2\/users\/1"}],"replies":[{"embeddable":true,"href":"https:\/\/www.pisacaneboxes.com\/fr\/wp-json\/wp\/v2\/comments?post=3653"}],"version-history":[{"count":11,"href":"https:\/\/www.pisacaneboxes.com\/fr\/wp-json\/wp\/v2\/pages\/3653\/revisions"}],"predecessor-version":[{"id":5073,"href":"https:\/\/www.pisacaneboxes.com\/fr\/wp-json\/wp\/v2\/pages\/3653\/revisions\/5073"}],"wp:attachment":[{"href":"https:\/\/www.pisacaneboxes.com\/fr\/wp-json\/wp\/v2\/media?parent=3653"}],"curies":[{"name":"wp","href":"https:\/\/api.w.org\/{rel}","templated":true}]}}